{"id":979,"date":"2016-02-19T06:35:00","date_gmt":"2016-02-19T06:35:00","guid":{"rendered":"http:\/\/consulting.stylemixthemes.com\/?page_id=979"},"modified":"2022-03-17T19:09:27","modified_gmt":"2022-03-17T18:09:27","slug":"home-2","status":"publish","type":"page","link":"https:\/\/antonowiczkredyty.pl\/","title":{"rendered":"Strona g\u0142\u00f3wna"},"content":{"rendered":"<p>[vc_row css=&#8221;.vc_custom_1450677977665{margin-bottom: 0px !important;}&#8221;][vc_column][vc_empty_space height=&#8221;1px&#8221; el_id=&#8221;strona-glowna&#8221;][rev_slider_vc alias=&#8221;main_slider&#8221;][\/vc_column][\/vc_row][vc_row full_width=&#8221;stretch_row&#8221; css=&#8221;.vc_custom_1646501190603{padding-top: 55px !important;padding-bottom: 55px !important;}&#8221;][vc_column][\/vc_column][\/vc_row][vc_row][vc_column width=&#8221;1\/3&#8243;][vc_empty_space height=&#8221;87px&#8221;][vc_custom_heading text=&#8221;O mnie&#8221; use_theme_fonts=&#8221;yes&#8221;][vc_single_image image=&#8221;7219&#8243; img_size=&#8221;full&#8221; style=&#8221;vc_box_rounded&#8221;][\/vc_column][vc_column width=&#8221;2\/3&#8243;][vc_empty_space height=&#8221;2px&#8221; el_id=&#8221;o-mnie&#8221;][stm_spacing lg_spacing=&#8221;222&#8243; md_spacing=&#8221;177&#8243; sm_spacing=&#8221;155&#8243; xs_spacing=&#8221;25&#8243;][vc_column_text]Finanse od zawsze by\u0142y moj\u0105 pasj\u0105, kt\u00f3r\u0105 uda\u0142o mi si\u0119 po\u0142\u0105czy\u0107 z obecnie wykonywan\u0105 prac\u0105. Specjalizuj\u0119 si\u0119 w kredytach hipotecznych, got\u00f3wkowych oraz firmowych. Jako niezale\u017cny Ekspert Finansowy potrafi\u0119 znale\u017a\u0107 najlepsz\u0105 mo\u017cliwo\u015b\u0107 finansowania dopasowan\u0105 indywidualnie do potrzeb Klienta. Czuwam nad ca\u0142ym cz\u0119sto skomplikowanym procesem kredytowym. W swojej pracy staram si\u0119 zawsz\u0119 stawia\u0107 na pierwszym miejscu dobro klienta i jego korzy\u015bci.[\/vc_column_text][\/vc_column][vc_column][vc_empty_space height=&#8221;35px&#8221;][vc_custom_heading text=&#8221;Co mnie wyr\u00f3\u017cnia?&#8221; font_container=&#8221;tag:h2|text_align:center&#8221; use_theme_fonts=&#8221;yes&#8221;][vc_empty_space height=&#8221;35px&#8221;][vc_row_inner][vc_column_inner width=&#8221;1\/2&#8243; offset=&#8221;vc_col-lg-3 vc_col-md-3&#8243;][stm_icon_box icon=&#8221;far fa-file-alt&#8221; icon_size=&#8221;26&#8243; icon_color=&#8221;base&#8221; icon_bg_color=&#8221;third_bg&#8221; title=&#8221;Profesjonalizm&#8221; title_font_size=&#8221;18&#8243;][\/stm_icon_box][stm_spacing lg_spacing=&#8221;0&#8243; md_spacing=&#8221;0&#8243; sm_spacing=&#8221;30&#8243; xs_spacing=&#8221;30&#8243;][\/vc_column_inner][vc_column_inner width=&#8221;1\/2&#8243; offset=&#8221;vc_col-lg-3 vc_col-md-3&#8243;][stm_icon_box icon=&#8221;far fa-lightbulb&#8221; icon_size=&#8221;26&#8243; icon_color=&#8221;base&#8221; icon_bg_color=&#8221;third_bg&#8221; title=&#8221;Do\u015bwiadczenie&#8221; title_font_size=&#8221;18&#8243;][\/stm_icon_box][stm_spacing lg_spacing=&#8221;0&#8243; md_spacing=&#8221;0&#8243; sm_spacing=&#8221;30&#8243; xs_spacing=&#8221;30&#8243;][\/vc_column_inner][vc_column_inner width=&#8221;1\/2&#8243; offset=&#8221;vc_col-lg-3 vc_col-md-3&#8243;][stm_icon_box icon=&#8221;far fa-clock&#8221; icon_size=&#8221;26&#8243; icon_color=&#8221;base&#8221; icon_bg_color=&#8221;third_bg&#8221; title=&#8221;Terminowo\u015b\u0107&#8221; title_font_size=&#8221;18&#8243;][\/stm_icon_box][stm_spacing lg_spacing=&#8221;0&#8243; md_spacing=&#8221;0&#8243; sm_spacing=&#8221;30&#8243; xs_spacing=&#8221;30&#8243;][\/vc_column_inner][vc_column_inner width=&#8221;1\/2&#8243; offset=&#8221;vc_col-lg-3 vc_col-md-3&#8243;][stm_icon_box icon=&#8221;far fa-user&#8221; icon_size=&#8221;26&#8243; icon_color=&#8221;base&#8221; icon_bg_color=&#8221;third_bg&#8221; title=&#8221;Indywidualne podej\u015bcie&#8221; title_font_size=&#8221;18&#8243;][\/stm_icon_box][stm_spacing lg_spacing=&#8221;0&#8243; md_spacing=&#8221;0&#8243; sm_spacing=&#8221;30&#8243; xs_spacing=&#8221;30&#8243;][\/vc_column_inner][\/vc_row_inner][\/vc_column][\/vc_row][vc_row][vc_column][vc_empty_space height=&#8221;100px&#8221; el_id=&#8221;rodzaje-kredytow&#8221;][vc_separator color=&#8221;black&#8221; border_width=&#8221;2&#8243; css_animation=&#8221;fadeIn&#8221;][vc_empty_space][\/vc_column][vc_column width=&#8221;1\/4&#8243;][stm_icon_box box_style=&#8221;style_6&#8243; add_link=&#8221;enable&#8221; icon=&#8221;fas fa-money-bill-wave&#8221; icon_size=&#8221;26&#8243; icon_color=&#8221;base&#8221; title=&#8221;Kredyt got\u00f3wkowy&#8221; link=&#8221;url:%23rodzaje-kredytow&#8221; title_font_size=&#8221;16&#8243;]Potrzebujesz got\u00f3wki na dowolny cel ? Dobior\u0119 Ci najni\u017csz\u0105 mar\u017ce i zminimalizuj\u0119 koszta. Szybko uzyskasz got\u00f3wk\u0119 dzi\u0119ki kt\u00f3rej mo\u017cesz si\u0119 realizowa\u0107[\/stm_icon_box][\/vc_column][vc_column width=&#8221;1\/4&#8243;][stm_icon_box box_style=&#8221;style_6&#8243; add_link=&#8221;enable&#8221; icon=&#8221;fas fa-atom&#8221; icon_size=&#8221;26&#8243; icon_color=&#8221;base&#8221; link=&#8221;url:%23rodzaje-kredytow&#8221; title=&#8221;Kredyt konsolidacyjny&#8221; title_font_size=&#8221;16&#8243;]Po\u0142\u0105cz wszystkie swoje zobowi\u0105zania w jeden kredyt indywidualnie dopasowany do Ciebie. Zamie\u0144 kilka oddzielnych rat na jedn\u0105 \u0142atw\u0105 do zapami\u0119tania.[\/stm_icon_box][\/vc_column][vc_column width=&#8221;1\/4&#8243;][stm_icon_box box_style=&#8221;style_6&#8243; add_link=&#8221;enable&#8221; icon=&#8221;stm-brief-bag-2&#8243; icon_size=&#8221;26&#8243; icon_color=&#8221;base&#8221; title=&#8221;Kredyt dla<br \/>\nfirm&#8221; link=&#8221;url:%23rodzaje-kredytow&#8221; title_font_size=&#8221;16&#8243;]Potrzebujesz \u015brodk\u00f3w na finansowanie bie\u017c\u0105cych wydatk\u00f3w zwi\u0105zanych z dzia\u0142alno\u015bci\u0105? Pomog\u0119 dobra\u0107 najlepsze warunki[\/stm_icon_box][\/vc_column][vc_column width=&#8221;1\/4&#8243;][stm_icon_box box_style=&#8221;style_6&#8243; add_link=&#8221;enable&#8221; icon=&#8221;fas fa-home&#8221; icon_size=&#8221;26&#8243; icon_color=&#8221;base&#8221; title=&#8221;Kredyt hipoteczny&#8221; link=&#8221;url:%23rodzaje-kredytow&#8221; title_font_size=&#8221;16&#8243;]Zrealizuj zakup w\u0142asnego mieszkania lub domu na korzystnych warunkach. Spe\u0142nij swoje marzenia korzystaj\u0105c z profesjonalnej pomocy[\/stm_icon_box][\/vc_column][vc_column][vc_empty_space][\/vc_column][\/vc_row][vc_row full_width=&#8221;stretch_row&#8221; css=&#8221;.vc_custom_1451476985704{padding-top: 53px !important;padding-bottom: 70px !important;background-color: #f2f2f2 !important;}&#8221;][vc_column][vc_empty_space][vc_custom_heading text=&#8221;Korzystny kredyt w 6 krokach:&#8221; font_container=&#8221;tag:h2|font_size:45px|text_align:center|line_height:60px&#8221; use_theme_fonts=&#8221;yes&#8221; el_class=&#8221;base_font_color&#8221; css=&#8221;.vc_custom_1646494650745{margin-bottom: 76px !important;}&#8221;][vc_row_inner css=&#8221;.vc_custom_1450870589488{margin-bottom: 48px !important;}&#8221;][vc_column_inner width=&#8221;1\/3&#8243;][stm_icon_box title_color=&#8221;custom&#8221; icon=&#8221;stm-contact_phone&#8221; style=&#8221;icon_left&#8221; icon_size=&#8221;24&#8243; icon_color=&#8221;custom&#8221; icon_width=&#8221;70&#8243; title=&#8221;1. Zadzwo\u0144 lub napisz wiadomo\u015b\u0107&#8221; icon_color_custom=&#8221;#ffffff&#8221; title_color_custom=&#8221;#1e73be&#8221;]Bezzw\u0142ocznie odpowiem i um\u00f3wimy si\u0119 na spotkanie[\/stm_icon_box][\/vc_column_inner][vc_column_inner width=&#8221;1\/3&#8243;][stm_icon_box title_color=&#8221;custom&#8221; icon=&#8221;fas fa-user-check&#8221; style=&#8221;icon_left&#8221; icon_size=&#8221;22&#8243; icon_color=&#8221;custom&#8221; icon_width=&#8221;70&#8243; title=&#8221;2. Zweryfikuj\u0119 Twoj\u0105 zdolno\u015b\u0107&#8221; icon_color_custom=&#8221;#ffffff&#8221; title_color_custom=&#8221;#1e73be&#8221;]Ka\u017cdy bank bierze pod uwag\u0119 r\u00f3\u017cne kryteria przy ocenie zdolno\u015bci kredytowej. Na spotkaniu podam Ci Twoj\u0105 realn\u0105 zdolno\u015b\u0107 kredytow\u0105 w poszczeg\u00f3lnych bankach.[\/stm_icon_box][\/vc_column_inner][vc_column_inner width=&#8221;1\/3&#8243;][stm_icon_box title_color=&#8221;custom&#8221; icon=&#8221;fas fa-chart-line&#8221; style=&#8221;icon_left&#8221; icon_size=&#8221;22&#8243; icon_color=&#8221;custom&#8221; icon_width=&#8221;70&#8243; title=&#8221;3.Wybierzemy najkorzystniejszy kredyt&#8221; icon_color_custom=&#8221;#ffffff&#8221; title_color_custom=&#8221;#1e73be&#8221;]Przeanalizuj\u0119 Twoje potrzeby, przedstawi\u0119 plusy i minusy a p\u00f3\u017aniej wsp\u00f3lnie wybierzemy bank skrojony na miar\u0119 Twoich oczekiwa\u0144.[\/stm_icon_box][\/vc_column_inner][\/vc_row_inner][vc_row_inner][vc_column_inner width=&#8221;1\/3&#8243;][stm_icon_box title_color=&#8221;custom&#8221; icon=&#8221;fas fa-file-alt&#8221; style=&#8221;icon_left&#8221; icon_size=&#8221;24&#8243; icon_color=&#8221;custom&#8221; icon_width=&#8221;70&#8243; title=&#8221;4.Pomog\u0119 przy dokumentach&#8221; icon_color_custom=&#8221;#ffffff&#8221; title_color_custom=&#8221;#1e73be&#8221;]B\u0119d\u0119 czuwa\u0107 nad wype\u0142nianiem formularzy bankowych, sprawdz\u0119 wszystkie potrzebne dokumenty i odpowiem na pojawiaj\u0105ce si\u0119 pytania.[\/stm_icon_box][\/vc_column_inner][vc_column_inner width=&#8221;1\/3&#8243;][stm_icon_box title_color=&#8221;custom&#8221; icon=&#8221;fas fa-edit&#8221; style=&#8221;icon_left&#8221; icon_size=&#8221;24&#8243; icon_color=&#8221;custom&#8221; icon_width=&#8221;70&#8243; title=&#8221;5.B\u0119d\u0119 przy podpisaniu umowy&#8221; icon_color_custom=&#8221;#ffffff&#8221; title_color_custom=&#8221;#1e73be&#8221;]Wyja\u015bni\u0119 zapisy umowy, b\u0119d\u0119 czuwa\u0107 przy ka\u017cdym kroku i rozwiewa\u0107 wszelkie w\u0105tpliwo\u015bci. Przeprowadz\u0119 Ci\u0119 przez ca\u0142y cz\u0119sto skomplikowany proces.[\/stm_icon_box][\/vc_column_inner][vc_column_inner width=&#8221;1\/3&#8243;][stm_icon_box title_color=&#8221;custom&#8221; icon=&#8221;fas fa-money-bill-alt&#8221; style=&#8221;icon_left&#8221; icon_size=&#8221;20&#8243; icon_color=&#8221;custom&#8221; icon_width=&#8221;70&#8243; title=&#8221;6.Honorarium wyp\u0142aca bank&#8221; icon_color_custom=&#8221;#ffffff&#8221; title_color_custom=&#8221;#1e73be&#8221;]Nie pobieram \u017cadnego wynagrodzenia od swojego Klienta to bank wyp\u0142aca mi honorarium po uruchomieniu Twojego kredytu.[\/stm_icon_box][\/vc_column_inner][\/vc_row_inner][\/vc_column][\/vc_row][vc_row][vc_column][vc_empty_space height=&#8221;90px&#8221; el_id=&#8221;czeste-pytania&#8221;][vc_custom_heading text=&#8221;Cz\u0119sto zadawane pytania&#8221; use_theme_fonts=&#8221;yes&#8221; link=&#8221;url:%23czeste-pytania&#8221;][\/vc_column][vc_column offset=&#8221;vc_col-lg-8 vc_col-md-8&#8243;][vc_tta_accordion c_position=&#8221;right&#8221; active_section=&#8221;1&#8243;][vc_tta_section title=&#8221;Ile musz\u0119 mie\u0107 wk\u0142adu w\u0142asnego, \u017ceby stara\u0107 si\u0119 o kredyt hipoteczny?&#8221; tab_id=&#8221;1574338169950-e0b9e6a6-2cc6&#8243;][vc_column_text]<\/p>\n<div>Wymagany minimalny wk\u0142ad w\u0142asny to<b> 20%<\/b> jednak trzeba wzi\u0105\u0107 pod uwag\u0119 dodatkowe koszta oko\u0142o kredytowe np. ubezpieczenie wi\u0119c realnie minimalny wk\u0142ad w\u0142asny to ok 22%.<\/div>\n<div>Uwaga! Niekt\u00f3re banki dopuszczaj\u0105 wk\u0142ad w\u0142asny na poziomie<b> 10%<\/b> i tu te\u017c trzeba pami\u0119ta\u0107 o kosztach oko\u0142o kredytowych wi\u0119c jest to ok 12%.<\/div>\n<p>[\/vc_column_text][\/vc_tta_section][vc_tta_section title=&#8221;Czy musz\u0119 p\u0142aci\u0107 za konsultacj\u0119?&#8221; tab_id=&#8221;1574338208492-e38519b2-252c&#8221;][vc_column_text]Nie musisz p\u0142aci\u0107 za konsultacj\u0119 z przyjemno\u015bci\u0105 zaprosz\u0119 Ci\u0119 na darmowe spotkanie.[\/vc_column_text][\/vc_tta_section][vc_tta_section title=&#8221;Czy stopa sta\u0142a obowi\u0105zuje przez ca\u0142y okres kredytu?&#8221; tab_id=&#8221;1574338209493-2bde497c-9fb4&#8243;][vc_column_text]Sta\u0142a stopa najcz\u0119\u015bciej obowi\u0105zuje przez 5 lat, mo\u017cna znale\u017a\u0107 bank gdzie jest to wyd\u0142u\u017cony okres do 7 lat.[\/vc_column_text][\/vc_tta_section][vc_tta_section title=&#8221;Co sk\u0142ada si\u0119 na oprocentowanie kredytu?&#8221; tab_id=&#8221;1574338207987-d1d0ac2b-e38b&#8221;][vc_column_text]Na zmienne oprocentowanie kredytu sk\u0142ada si\u0119 sta\u0142a mar\u017ca banku i zmienny wibor.<br \/>\nNatomiast sta\u0142e oprocentowanie jest ustalane w ca\u0142o\u015bci przez instytucj\u0119 bankow\u0105 i nie ulega zmianie przez czas zawarty w umowie.[\/vc_column_text][\/vc_tta_section][vc_tta_section title=&#8221;Jaki jest czas oczekiwania na decyzj\u0119 kredytow\u0105?&#8221; tab_id=&#8221;1574397812647-99a54a4b-1e29&#8243;][vc_column_text]Ustawowo bank ma 21 dni na podj\u0119cie decyzji kredytowej, jednak\u017ce zawsze staram si\u0119 przyspieszy\u0107 ten proces.[\/vc_column_text][\/vc_tta_section][\/vc_tta_accordion][\/vc_column][vc_column css=&#8221;.vc_custom_1576238094836{padding-right: 30px !important;padding-left: 30px !important;}&#8221; offset=&#8221;vc_col-lg-4 vc_col-md-4&#8243;][vc_single_image image=&#8221;7217&#8243; img_size=&#8221;large&#8221;][\/vc_column][vc_column][vc_empty_space height=&#8221;55px&#8221;][\/vc_column][\/vc_row][vc_row full_width=&#8221;stretch_row&#8221; el_class=&#8221;overlay fixed_bg&#8221; css=&#8221;.vc_custom_1646490403570{margin-bottom: 53px !important;padding-top: 110px !important;padding-bottom: 81px !important;background-image: url(https:\/\/antonowiczkredyty.pl\/wp-content\/uploads\/2022\/03\/sean-pollock-PhYq704ffdA-unsplash-scaled.jpg?id=7188) !important;background-position: center !important;background-repeat: no-repeat !important;background-size: cover !important;}&#8221;][vc_column][vc_row_inner][vc_column_inner][vc_custom_heading icon=&#8221;stm-check&#8221; icon_size=&#8221;55&#8243; text=&#8221;<mark>Zadowolenie klient\u00f3w<\/mark><br \/>\nna pierwszym miejscu.&#8221; font_container=&#8221;tag:h5|font_size:39px|text_align:left|color:%23ffffff|line_height:45px&#8221; google_fonts=&#8221;font_family:Poppins%3A300%2Cregular%2C500%2C600%2C700|font_style:700%20bold%3A700%3Anormal&#8221; custom_icon=&#8221;stm-check&#8221; css=&#8221;.vc_custom_1646497670077{margin-bottom: 61px !important;}&#8221; el_class=&#8221;no_stripe&#8221;][\/vc_column_inner][\/vc_row_inner][vc_row_inner][vc_column_inner width=&#8221;1\/4&#8243; offset=&#8221;vc_col-lg-offset-1&#8243;][stm_stats_counter counter_value=&#8221;20&#8243; title=&#8221;Wsp\u00f3\u0142pracuj\u0105cych Bank\u00f3w&#8221;][\/vc_column_inner][vc_column_inner width=&#8221;1\/4&#8243;][stm_stats_counter counter_value=&#8221;100&#8243; counter_value_suf=&#8221;%&#8221; title=&#8221;Zadowolonych klient\u00f3w&#8221;][\/vc_column_inner][vc_column_inner width=&#8221;1\/4&#8243;][stm_stats_counter counter_value=&#8221;90&#8243; counter_value_suf=&#8221;%&#8221; title=&#8221;Klient\u00f3w z polecenia&#8221;][\/vc_column_inner][\/vc_row_inner][\/vc_column][\/vc_row][vc_row css=&#8221;.vc_custom_1450960276268{margin-bottom: 73px !important;}&#8221;][vc_column][vc_empty_space height=&#8221;66px&#8221; el_id=&#8221;opinie&#8221;][vc_custom_heading text=&#8221;Opinie klient\u00f3w&#8221; font_container=&#8221;tag:h2|font_size:45px|text_align:center|line_height:60px&#8221; use_theme_fonts=&#8221;yes&#8221; el_class=&#8221;base_font_color&#8221; css=&#8221;.vc_custom_1646489880862{margin-bottom: 76px !important;}&#8221;][stm_testimonials_carousel style=&#8221;style_5&#8243; count=&#8221;6&#8243; per_row=&#8221;3&#8243; autoplay_carousel=&#8221;yes&#8221; disable_carousel_arrows=&#8221;yes&#8221;][\/vc_column][\/vc_row][vc_row full_width=&#8221;stretch_row&#8221; el_class=&#8221;overlay_2 fixed_bg&#8221; css=&#8221;.vc_custom_1646489774595{margin-bottom: 42px !important;padding-top: 77px !important;padding-bottom: 77px !important;background-image: url(https:\/\/antonowiczkredyty.pl\/wp-content\/uploads\/2022\/03\/trevor-bobyk-vd_TGp0QiLU-unsplash-scaled.jpg?id=7190) !important;background-position: center !important;background-repeat: no-repeat !important;background-size: cover !important;}&#8221;][vc_column][vc_custom_heading icon_size=&#8221;67&#8243; icon_pos=&#8221;top&#8221; text=&#8221;Konsultacje w sprawie kredytu<br \/>\n<mark>zanim podejmiesz decyzj\u0119.<\/mark>&#8221; font_container=&#8221;tag:div|font_size:28px|text_align:center|color:%23ffffff|line_height:34px&#8221; google_fonts=&#8221;font_family:Poppins%3A300%2Cregular%2C500%2C600%2C700|font_style:700%20bold%3A700%3Anormal&#8221;][\/vc_column][\/vc_row][vc_row full_width=&#8221;stretch_row&#8221; css=&#8221;.vc_custom_1451300723020{margin-bottom: 0px !important;padding-top: 96px !important;padding-bottom: 80px !important;background-color: #222222 !important;}&#8221;][vc_column][vc_empty_space el_id=&#8221;umow-spotkanie&#8221;][\/vc_column][vc_column width=&#8221;1\/3&#8243;][vc_custom_heading text=&#8221;Um\u00f3w spotkanie&#8221; font_container=&#8221;tag:div|font_size:36px|text_align:left|color:%23ffffff|line_height:38px&#8221; google_fonts=&#8221;font_family:Poppins%3A300%2Cregular%2C500%2C600%2C700|font_style:700%20bold%3A700%3Anormal&#8221; css=&#8221;.vc_custom_1646506449902{margin-bottom: 19px !important;}&#8221;][vc_column_text]<span style=\"color: #ffffff; font-size: 13px; line-height: 22px;\">Chcesz si\u0119 ze mn\u0105 skontaktowa\u0107? Po prostu uzupe\u0142nij swoje dane i wy\u015blij mi wiadomo\u015b\u0107!<\/span>[\/vc_column_text][\/vc_column][vc_column width=&#8221;2\/3&#8243;]<div role=\"form\" class=\"wpcf7\" id=\"wpcf7-f4451-o1\" lang=\"en-US\" dir=\"ltr\">\n<div class=\"screen-reader-response\"><p role=\"status\" aria-live=\"polite\" aria-atomic=\"true\"><\/p> <ul><\/ul><\/div>\n<form action=\"\/index.php\/wp-json\/wp\/v2\/pages\/979#wpcf7-f4451-o1\" method=\"post\" class=\"wpcf7-form init\" novalidate=\"novalidate\" data-status=\"init\">\n<div style=\"display: none;\">\n<input type=\"hidden\" name=\"_wpcf7\" value=\"4451\" \/>\n<input type=\"hidden\" name=\"_wpcf7_version\" value=\"5.5.6\" \/>\n<input type=\"hidden\" name=\"_wpcf7_locale\" value=\"en_US\" \/>\n<input type=\"hidden\" name=\"_wpcf7_unit_tag\" value=\"wpcf7-f4451-o1\" \/>\n<input type=\"hidden\" name=\"_wpcf7_container_post\" value=\"0\" \/>\n<input type=\"hidden\" name=\"_wpcf7_posted_data_hash\" value=\"\" \/>\n<input type=\"hidden\" name=\"_wpcf7_recaptcha_response\" value=\"\" \/>\n<\/div>\n<div class=\"contact_us\">\n<div class=\"row\">\n<div class=\"col-lg-6 col-md-6 col-sm-6 col-xs-12\">\n<div class=\"input-group\">\n                <span class=\"wpcf7-form-control-wrap your-message\"><textarea name=\"your-message\" cols=\"40\" rows=\"10\" class=\"wpcf7-form-control wpcf7-textarea\" aria-invalid=\"false\" placeholder=\"Tre\u015b\u0107 wiadomo\u015bci *\"><\/textarea><\/span>\n            <\/div>\n<\/div>\n<div class=\"col-lg-6 col-md-6 col-sm-6 col-xs-12\">\n<div class=\"input-group\">\n                <span class=\"wpcf7-form-control-wrap your-name\"><input type=\"text\" name=\"your-name\" value=\"\" size=\"40\" class=\"wpcf7-form-control wpcf7-text wpcf7-validates-as-required\" aria-required=\"true\" aria-invalid=\"false\" placeholder=\"Imi\u0119 i nazwisko *\" \/><\/span>\n            <\/div>\n<div class=\"input-group\">\n                <span class=\"wpcf7-form-control-wrap your-email\"><input type=\"email\" name=\"your-email\" value=\"\" size=\"40\" class=\"wpcf7-form-control wpcf7-text wpcf7-email wpcf7-validates-as-required wpcf7-validates-as-email\" aria-required=\"true\" aria-invalid=\"false\" placeholder=\"E-mail *\" \/><\/span>\n            <\/div>\n<div class=\"input-group\">\n                <span class=\"wpcf7-form-control-wrap your-phone\"><input type=\"tel\" name=\"your-phone\" value=\"\" size=\"40\" class=\"wpcf7-form-control wpcf7-text wpcf7-tel wpcf7-validates-as-required wpcf7-validates-as-tel\" aria-required=\"true\" aria-invalid=\"false\" placeholder=\"numer telefonu *\" \/><\/span>\n            <\/div>\n<\/div>\n<\/div>\n<div class=\"input-group text-center\">\n      <button type=\"submit\" class=\"button theme_style_4 size-lg bordered icon_right\">Wy\u015blij<i class=\"fa fa-chevron-right\"><\/i><\/button>\n    <\/div>\n<\/div>\n<div class=\"wpcf7-response-output\" aria-hidden=\"true\"><\/div><\/form><\/div>[\/vc_column][\/vc_row][vc_row][vc_column][\/vc_column][\/vc_row][vc_row css=&#8221;.vc_custom_1485495492516{margin-bottom: 27px !important;}&#8221;][vc_column][vc_empty_space][\/vc_column][vc_column width=&#8221;1\/3&#8243;][vc_custom_heading stripe_pos=&#8221;hide&#8221; text=&#8221;Dane kontaktowe:&#8221; font_container=&#8221;tag:h3|font_size:20px|text_align:left|color:%23222222|line_height:45px&#8221; use_theme_fonts=&#8221;yes&#8221; el_class=&#8221;border_base_color&#8221; css=&#8221;.vc_custom_1647540418728{margin-top: -5px !important;margin-bottom: -13px !important;border-top-width: 3px !important;border-top-style: solid !important;}&#8221;][stm_contacts_widget style=&#8221;style_4&#8243; address=&#8221;Jana Paw\u0142a II 38, Warszawa&#8221; email=&#8221;Paulina.antonowicz@notus.pl&#8221; phones_all=&#8221;+1 212 386 5575<\/p>\n<p>+1 212 386 7575&#8243; phone=&#8221;+48 881 211 559&#8243;][\/vc_column][vc_column width=&#8221;2\/3&#8243;][vc_gmaps link=&#8221;#E-8_JTNDaWZyYW1lJTIwc3JjJTNEJTIyaHR0cHMlM0ElMkYlMkZ3d3cuZ29vZ2xlLmNvbSUyRm1hcHMlMkZlbWJlZCUzRnBiJTNEJTIxMW0xOCUyMTFtMTIlMjExbTMlMjExZDI0NDMuMTAxNDg2NjMxMjQ1JTIxMmQyMC45OTI3MDQyMTYyOTg2MjMlMjEzZDUyLjI0MTU0MDI2NDU3OTgyNSUyMTJtMyUyMTFmMCUyMTJmMCUyMTNmMCUyMTNtMiUyMTFpMTAyNCUyMTJpNzY4JTIxNGYxMy4xJTIxM20zJTIxMW0yJTIxMXMweDQ3MWVjYzdkOWQxYmY5ZDclMjUzQTB4ZjU0NTBiNTUwYzY3ZTQyJTIxMnNhbC4lMjUyMEphbmElMjUyMFBhdyUyNUM1JTI1ODJhJTI1MjBJSSUyNTIwMzglMjUyQyUyNTIwMDMtNDEyJTI1MjBXYXJzemF3YSUyMTVlMCUyMTNtMiUyMTFzcGwlMjEyc3BsJTIxNHYxNjQ2NDg1MTgyOTI5JTIxNW0yJTIxMXNwbCUyMTJzcGwlMjIlMjB3aWR0aCUzRCUyMjEwMCUyNSUyMiUyMGhlaWdodCUzRCUyMjM4MyUyMiUyMGZyYW1lYm9yZGVyJTNEJTIyMCUyMiUyMHN0eWxlJTNEJTIyYm9yZGVyJTNBMCUyMiUyMGFsbG93ZnVsbHNjcmVlbiUzRSUzQyUyRmlmcmFtZSUzRQ==&#8221;][\/vc_column][\/vc_row]<\/p>\n","protected":false},"excerpt":{"rendered":"<p>[vc_row css=&#8221;.vc_custom_1450677977665{margin-bottom: 0px !important;}&#8221;][vc_column][vc_empty_space height=&#8221;1px&#8221; el_id=&#8221;strona-glowna&#8221;][rev_slider_vc alias=&#8221;main_slider&#8221;][\/vc_column][\/vc_row][vc_row full_width=&#8221;stretch_row&#8221; css=&#8221;.vc_custom_1646501190603{padding-top: 55px !important;padding-bottom: 55px !important;}&#8221;][vc_column][\/vc_column][\/vc_row][vc_row][vc_column width=&#8221;1\/3&#8243;][vc_empty_space height=&#8221;87px&#8221;][vc_custom_heading text=&#8221;O mnie&#8221; use_theme_fonts=&#8221;yes&#8221;][vc_single_image image=&#8221;7219&#8243; img_size=&#8221;full&#8221; style=&#8221;vc_box_rounded&#8221;][\/vc_column][vc_column width=&#8221;2\/3&#8243;][vc_empty_space height=&#8221;2px&#8221; el_id=&#8221;o-mnie&#8221;][stm_spacing lg_spacing=&#8221;222&#8243; md_spacing=&#8221;177&#8243; sm_spacing=&#8221;155&#8243; xs_spacing=&#8221;25&#8243;][vc_column_text]Finanse od zawsze by\u0142y moj\u0105 pasj\u0105, kt\u00f3r\u0105 uda\u0142o mi si\u0119 po\u0142\u0105czy\u0107 z obecnie wykonywan\u0105 prac\u0105. Specjalizuj\u0119 si\u0119 w kredytach hipotecznych, got\u00f3wkowych oraz firmowych. Jako niezale\u017cny Ekspert Finansowy potrafi\u0119<\/p>\n","protected":false},"author":1,"featured_media":0,"parent":0,"menu_order":0,"comment_status":"closed","ping_status":"closed","template":"","meta":{"footnotes":""},"class_list":["post-979","page","type-page","status-publish","hentry"],"_links":{"self":[{"href":"https:\/\/antonowiczkredyty.pl\/index.php\/wp-json\/wp\/v2\/pages\/979","targetHints":{"allow":["GET"]}}],"collection":[{"href":"https:\/\/antonowiczkredyty.pl\/index.php\/wp-json\/wp\/v2\/pages"}],"about":[{"href":"https:\/\/antonowiczkredyty.pl\/index.php\/wp-json\/wp\/v2\/types\/page"}],"author":[{"embeddable":true,"href":"https:\/\/antonowiczkredyty.pl\/index.php\/wp-json\/wp\/v2\/users\/1"}],"replies":[{"embeddable":true,"href":"https:\/\/antonowiczkredyty.pl\/index.php\/wp-json\/wp\/v2\/comments?post=979"}],"version-history":[{"count":150,"href":"https:\/\/antonowiczkredyty.pl\/index.php\/wp-json\/wp\/v2\/pages\/979\/revisions"}],"predecessor-version":[{"id":7369,"href":"https:\/\/antonowiczkredyty.pl\/index.php\/wp-json\/wp\/v2\/pages\/979\/revisions\/7369"}],"wp:attachment":[{"href":"https:\/\/antonowiczkredyty.pl\/index.php\/wp-json\/wp\/v2\/media?parent=979"}],"curies":[{"name":"wp","href":"https:\/\/api.w.org\/{rel}","templated":true}]}}